{"id":8,"date":"2026-04-23T23:43:46","date_gmt":"2026-04-23T23:43:46","guid":{"rendered":"https:\/\/maniso.com.uy\/?page_id=8"},"modified":"2026-04-24T00:29:22","modified_gmt":"2026-04-24T00:29:22","slug":"maniso-sas","status":"publish","type":"page","link":"https:\/\/maniso.com.uy\/?page_id=8","title":{"rendered":"MANISO SAS"},"content":{"rendered":"\n<p><strong>Transporte Sanitario y Logistica <\/strong>Medica<\/p>\n\n\n\n<p>Empresa Especializada en Transporte Sanitario,Logistica Medica y Distribucion Farmaceutica.<\/p>\n\n\n\n<p>Brindamos soluciones operativas para Hospitales, Sanatorios y Laboratorios  , con experiencia en coordinaci\u00f3n Log\u00edstica, Traslados Programados y Servicios M\u00e9dicos Especializados.<\/p>\n\n\n\n<p><strong>Nuestros servicios:<\/strong><\/p>\n\n\n\n<p>_ Transporte Sanitario<\/p>\n\n\n\n<p>_ Traslado de Muestras y Documentaci\u00f3n Cl\u00ednica<\/p>\n\n\n\n<p>_ Log\u00edstica y Distribuci\u00f3n Farmac\u00e9utica<\/p>\n\n\n\n<p>_ Traslados de M\u00e9dicos y Personal de Salud<\/p>\n\n\n\n<p>_ Servicios para Laborarorios y Centros M\u00e9dicos<\/p>\n\n\n\n<p>_ Cobertura Operativa Programada<\/p>\n\n\n\n<p>Experiencia operativa en Instituciones de Salud y Log\u00edstica M\u00e9dica en  Uruguay.<\/p>\n\n\n\n<p><\/p>\n\n\n\n<p><strong>Experiencia<\/strong> y Clientes<\/p>\n\n\n\n<p> Hospital Evang\u00e9lico<\/p>\n\n\n\n<p> CASMU<\/p>\n\n\n\n<p>Hospital Brit\u00e1nico<\/p>\n\n\n\n<p>CEDEHIN<\/p>\n\n\n\n<p> Banco de Pr\u00f3tesis<\/p>\n\n\n\n<p>CASA DE GALICIA &#8211; experiencia operativa sostenida durante 8 a\u00f1os<\/p>\n\n\n\n<p><\/p>\n\n\n\n<p><strong>? Por que  MANISO SAS ?<\/strong><\/p>\n\n\n\n<ul class=\"wp-block-list\">\n<li>M\u00e1s de una d\u00e9cada de experiencia operativa en salud y log\u00edstica<\/li>\n\n\n\n<li>Cobertura en Montevideo y \u00e1rea metropolitana<\/li>\n\n\n\n<li>Coordinaci\u00f3n log\u00edstica especializada en salud<\/li>\n\n\n\n<li>Personal identificado y uniformado<\/li>\n\n\n\n<li>Seguimiento operativo y comunicaci\u00f3n permanente<\/li>\n<\/ul>\n\n\n\n<p><\/p>\n","protected":false},"excerpt":{"rendered":"<p>Transporte Sanitario y Logistica Medica Empresa Especializada en Transporte Sanitario,Logistica Medica y Distribucion Farmaceutica. Brindamos soluciones operativas para Hospitales, Sanatorios y Laboratorios , con experiencia en coordinaci\u00f3n Log\u00edstica, Traslados Programados y Servicios M\u00e9dicos Especializados. Nuestros servicios: _ Transporte Sanitario _ Traslado de Muestras y Documentaci\u00f3n Cl\u00ednica _ Log\u00edstica y Distribuci\u00f3n Farmac\u00e9utica _ Traslados de M\u00e9dicos [&hellip;]<\/p>\n","protected":false},"author":1,"featured_media":0,"parent":0,"menu_order":0,"comment_status":"closed","ping_status":"closed","template":"","meta":{"footnotes":""},"class_list":["post-8","page","type-page","status-publish","hentry"],"_links":{"self":[{"href":"https:\/\/maniso.com.uy\/index.php?rest_route=\/wp\/v2\/pages\/8","targetHints":{"allow":["GET"]}}],"collection":[{"href":"https:\/\/maniso.com.uy\/index.php?rest_route=\/wp\/v2\/pages"}],"about":[{"href":"https:\/\/maniso.com.uy\/index.php?rest_route=\/wp\/v2\/types\/page"}],"author":[{"embeddable":true,"href":"https:\/\/maniso.com.uy\/index.php?rest_route=\/wp\/v2\/users\/1"}],"replies":[{"embeddable":true,"href":"https:\/\/maniso.com.uy\/index.php?rest_route=%2Fwp%2Fv2%2Fcomments&post=8"}],"version-history":[{"count":3,"href":"https:\/\/maniso.com.uy\/index.php?rest_route=\/wp\/v2\/pages\/8\/revisions"}],"predecessor-version":[{"id":11,"href":"https:\/\/maniso.com.uy\/index.php?rest_route=\/wp\/v2\/pages\/8\/revisions\/11"}],"wp:attachment":[{"href":"https:\/\/maniso.com.uy\/index.php?rest_route=%2Fwp%2Fv2%2Fmedia&parent=8"}],"curies":[{"name":"wp","href":"https:\/\/api.w.org\/{rel}","templated":true}]}}